{"id":3834,"date":"2023-08-04T13:48:20","date_gmt":"2023-08-04T11:48:20","guid":{"rendered":"https:\/\/www.goldeneslamm.at\/protezione-dei-dati\/"},"modified":"2026-02-03T12:16:25","modified_gmt":"2026-02-03T11:16:25","slug":"protezione-dei-dati","status":"publish","type":"page","link":"https:\/\/old.goldeneslamm.at\/it\/protezione-dei-dati\/","title":{"rendered":"Protezione dei dati"},"content":{"rendered":"<p style=\"font-weight: 400; margin-top: 10px;\"><strong>JNO Hotelbetriebs GmbH (Albergo di charme Goldenes Lamm)<\/strong><\/p>\n<p style=\"font-weight: 400;\">Hauptplatz 1, A &#8211; 9500 Villach<br \/>\nTel.: +43 (0) 4242 \/ 24105<br \/>\nE-mail: <a href=\"mailto:office@goldeneslamm.at\" target=\"_blank\" rel=\"noopener noreferrer\">office@goldeneslamm.at<\/a><\/p>\n<p style=\"font-weight: 400;\">INFORMATIVA SULLA PRIVACY<\/p>\n<p>[borlabs-cookie type=&#8221;btn-cookie-preference&#8221; title=&#8221;Personalizzare le impostazioni dei cookie&#8221; \/]<\/p>\n<p>La presente Informativa sulla privacy descrive la raccolta e l&#8217;utilizzo dei dati personali che possono essere raccolti quando ci contattate. Ad esempio, quando visitate il nostro sito web o ci chiamate per chiedere informazioni su una prenotazione o un servizio.<br \/>\nPrendiamo molto sul serio la protezione dei vostri dati personali e il loro trattamento riservato. Pertanto, agiamo in conformit\u00e0 con la legislazione vigente in materia di protezione dei dati personali e di sicurezza dei dati. Con queste informazioni sulla protezione dei dati, desideriamo quindi informarvi su quando memorizziamo quali dati e come li utilizziamo. La nostra protezione dei dati tiene conto del livello europeo di protezione dei dati e in particolare aderisce alla legge nazionale vigente in materia di protezione dei dati. Naturalmente, osserviamo i requisiti della giurisprudenza attuale. Il nostro sito web contiene foto, grafica, immagini, video\/flussi video, animazioni flash e qualsiasi altra forma di elemento.<\/p>\n<p><b>Dati personali<\/b><br \/>\nCi sono molte situazioni in cui i vostri dati personali ci aiutano a fornirvi il miglior servizio possibile. Ad esempio, potrebbero esservi richiesti i dati personali se avete bisogno di un servizio speciale. Nel fare ci\u00f2, potremmo anche richiedere all&#8217;utente un ulteriore consenso per conformarsi alle leggi vigenti. I dati personali sono informazioni che possono essere utilizzate per scoprire la vostra identit\u00e0. Ci\u00f2 include informazioni quali il vostro vero nome, l&#8217;indirizzo, l&#8217;indirizzo postale e il numero di telefono. In linea di principio, potete utilizzare la nostra offerta online senza rivelare la vostra identit\u00e0. Quando ci contattate o effettuate un ordine, raccogliamo i vostri dati personali tramite il nostro sistema di contatto e di ordinazione. In caso di contatto telefonico, i dati vengono registrati manualmente dal nostro personale. Tutte le trasmissioni di dati erano ovviamente criptate. Vengono raccolti i seguenti dati: Nome\/cognome o azienda, indirizzo, telefono, fax, indirizzo e-mail, condizioni di pagamento (dati della carta di credito, informazioni sulla consegna) In relazione al vostro accesso online, i vostri dati saranno memorizzati per scopi di sicurezza che possono consentire l&#8217;identificazione (ad esempio, indirizzo IP, data, ora). Non avviene alcuno sfruttamento personale. La valutazione statistica dei record di dati anonimizzati rimane riservata.<\/p>\n<p><b>Integrit\u00e0 dei dati personali<\/b><br \/>\nAbbiamo messo in atto misure di salvaguardia per garantire che le loro informazioni personali siano sempre accurate, complete e aggiornate per gli scopi per cui vengono utilizzate. Naturalmente, avete il diritto di ottenere informazioni sui dati personali che avete fornito in qualsiasi momento. Potete aiutarci a garantire che le vostre informazioni di contatto siano accurate e complete. Per garantire la sicurezza dei vostri dati personali, questa politica viene comunicata a tutti i dipendenti e le misure di salvaguardia per proteggere i vostri dati personali sono rigorosamente applicate all&#8217;interno dell&#8217;azienda.<\/p>\n<p><b>Divulgazione di informazioni personali a terzi<\/b><br \/>\nIn caso di ordini, utilizziamo i vostri dati personali solo all&#8217;interno di JNO Hotelbetriebs GmbH (Boutique Hotel Goldenes Lamm) e delle sue societ\u00e0 affiliate. Non li trasmettiamo a terzi senza il vostro esplicito consenso. Nel caso in cui i dati vengano trasmessi a fornitori di servizi nell&#8217;ambito dell&#8217;elaborazione dei dati commissionata, anche questi fornitori di servizi sono vincolati dalle rispettive norme di legge e contrattualmente dall&#8217;Informativa sulla privacy. Per ordine di un tribunale, su richiesta di un&#8217;autorit\u00e0 investigativa o a fini probatori (ad esempio in caso di violazione delle nostre CGC), i dati e le informazioni da noi memorizzati possono essere utilizzati nell&#8217;ambito delle leggi vigenti e divulgati a terzi, se necessario. I vostri dati non saranno mai trasmessi a terzi in nessun caso, a meno che non sia necessario come spiegato sopra. In nessun caso vendiamo i vostri dati o li trasmettiamo per scopi pubblicitari.<\/p>\n<p><b>Utilizzo dei cookie<\/b><br \/>\nUtilizziamo i &#8220;cookie&#8221; (piccoli file con informazioni di configurazione) in conformit\u00e0 alle specifiche della Informationsgemeinschaft zur Feststellung der Verbreitung von Werbetr\u00e4gern e. V. (IVW). Essi aiutano a determinare la frequenza di utilizzo e il numero di utenti del nostro sito web. Non raccogliamo dati personali tramite i cookie. Quando si effettua un ordine, \u00e8 possibile che un &#8220;cookie&#8221; venga memorizzato sul computer dell&#8217;utente. Questo non serve a valutare il comportamento dell&#8217;utente o simili.<br \/>\n\u00c8 possibile utilizzare le nostre offerte anche senza cookie. La maggior parte dei browser \u00e8 impostata per accettare automaticamente i cookie. Tuttavia, \u00e8 possibile disattivare la memorizzazione dei cookie o impostare il browser in modo da essere avvisati non appena vengono inviati i cookie.<br \/>\nIn alcune pagine, gli annunci pubblicitari sono forniti direttamente dalle aziende. I cookie possono essere utilizzati senza che noi possiamo segnalarlo all&#8217;utente.<\/p>\n<p><b>Link ad altri siti web<\/b><br \/>\nLa nostra offerta online contiene link ad altri siti web.<br \/>\nNon abbiamo alcuna influenza sul rispetto delle norme sulla protezione dei dati da parte dei loro operatori.<\/p>\n<p><b>Analisi web<\/b><br \/>\nIl nostro sito web utilizza le funzioni del servizio di analisi web Google Analytics, un servizio di analisi web di Google LLC (&#8220;Google&#8221;), Amphitheatre Parkway, Mountain View, CA 94043, USA. I dati raccolti in questo processo sono trattati anche al di fuori dell&#8217;UE. A tal fine vengono utilizzati dei cookie che consentono di analizzare l&#8217;utilizzo del sito web da parte degli utenti. Le informazioni cos\u00ec generate vengono trasferite al server del provider e l\u00ec memorizzate. \u00c8 possibile impedirlo impostando il browser in modo che non vengano memorizzati i cookie.<br \/>\nIl vostro indirizzo IP viene registrato ma immediatamente pseudonimizzato. Ci\u00f2 significa che \u00e8 possibile solo una localizzazione approssimativa.<\/p>\n<p>Il nostro sito web contiene web beacon (chiamati anche &#8220;pixel tag&#8221;). Un web beacon \u00e8 un&#8217;immagine elettronica spesso invisibile, di solito non pi\u00f9 grande di 1 pixel x 1 pixel, collocata su un sito web o in un&#8217;e-mail che viene utilizzata per visualizzare il comportamento online dei visitatori sul sito web o durante l&#8217;invio di e-mail. I Web beacon sono forniti da terzi, in questo sito dal provider Facebook, per ottenere informazioni sull&#8217;attivit\u00e0 dei visitatori del nostro sito. In questo modo \u00e8 possibile determinare da quale computer, quando e da quale luogo si accede a un determinato sito web. Queste informazioni vengono raccolte tramite web beacon e\/o cookie. Le informazioni ottenute dai web beacon e\/o dai cookie sono anonime e non sono collegate a dati personali. Queste informazioni non vengono condivise con terzi per uso indipendente.<\/p>\n<p><b>Google Maps<\/b><br \/>\nQuesto sito web utilizza Google Maps per visualizzare le informazioni sulle mappe. Quando si utilizza Google Maps, Google raccoglie, elabora e utilizza anche i dati relativi all&#8217;utilizzo delle funzioni di Maps da parte dei visitatori dei siti web. Per ulteriori informazioni sul trattamento dei dati da parte di Google, consultare l&#8217;informativa sulla privacy di Google all&#8217;indirizzo Google Privacy Policy &amp; Terms of Use. \u00c8 inoltre possibile modificare le impostazioni del centro per la privacy, in modo da poter gestire e proteggere i propri dati.<\/p>\n<p><b>Newsletter<\/b><br \/>\nAvete la possibilit\u00e0 di iscrivervi alla nostra newsletter tramite il nostro sito web. A tal fine abbiamo bisogno del vostro indirizzo e-mail e della vostra dichiarazione di accettare di ricevere la newsletter.<br \/>\nUna volta effettuata la registrazione alla newsletter, vi invieremo un&#8217;e-mail di conferma con un link per confermare la vostra registrazione.<br \/>\n\u00c8 possibile cancellare l&#8217;iscrizione alla newsletter in qualsiasi momento. Si prega di inviare la cancellazione al seguente indirizzo e-mail: <a href=\"mailto:office@goldeneslamm.at\" target=\"_blank\" rel=\"noopener noreferrer\">office@goldeneslamm.at<\/a> o di utilizzare il link di cancellazione presente nella newsletter. In tal caso cancelleremo immediatamente i vostri dati in relazione all&#8217;invio della newsletter.<\/p>\n<p><b>I vostri diritti <\/b><br \/>\nIn generale, vi spettano i diritti di informazione, correzione, cancellazione, limitazione, portabilit\u00e0 dei dati, revoca e opposizione. Se ritenete che il trattamento dei vostri dati violi la legge sulla protezione dei dati o che i vostri diritti di protezione dei dati siano stati in qualche modo violati, potete presentare un reclamo all&#8217;autorit\u00e0 di vigilanza. In Austria, si tratta dell&#8217;autorit\u00e0 per la protezione dei dati.<\/p>\n<p><b>Indirizzo di contatto <\/b><br \/>\nJNO Hotelbetriebs GmbH, Albergo di charme Goldenes Lamm<br \/>\nHauptplatz 1, A-9500 Villach<br \/>\nTel.: +43 (0) 4242 \/ 24105<br \/>\nE-mail: <a href=\"mailto:office@goldeneslamm.at\" target=\"_blank\" rel=\"noopener noreferrer\">office@goldeneslamm.at<\/a><\/p>\n<p><b>Domande e commenti<\/b><br \/>\nPer domande, suggerimenti o commenti sul tema della protezione dei dati, vi preghiamo di contattarci via e-mail all&#8217;indirizzo: <a href=\"mailto:office@goldeneslamm.at\" target=\"_blank\" rel=\"noopener noreferrer\">office@goldeneslamm.at<\/a>.<\/p>\n","protected":false},"excerpt":{"rendered":"<p>JNO Hotelbetriebs GmbH (Albergo di charme Goldenes Lamm) Hauptplatz 1, A &#8211; 9500 Villach Tel.: +43 (0) 4242 \/ 24105 E-mail: office@goldeneslamm.at INFORMATIVA SULLA PRIVACY [borlabs-cookie type=&#8221;btn-cookie-preference&#8221; title=&#8221;Personalizzare le impostazioni dei cookie&#8221; \/] La presente Informativa sulla privacy descrive la raccolta e l&#8217;utilizzo dei dati personali che possono essere raccolti quando ci contattate. Ad esempio, [&hellip;]<\/p>\n","protected":false},"author":2,"featured_media":0,"parent":0,"menu_order":0,"comment_status":"closed","ping_status":"closed","template":"","meta":{"footnotes":""},"class_list":["post-3834","page","type-page","status-publish","hentry"],"yoast_head":"<!-- This site is optimized with the Yoast SEO plugin v27.4 - https:\/\/yoast.com\/product\/yoast-seo-wordpress\/ -->\n<title>Protezione dei dati - Goldenes Lamm<\/title>\n<meta name=\"robots\" content=\"noindex, nofollow\" \/>\n<meta property=\"og:locale\" content=\"it_IT\" \/>\n<meta property=\"og:type\" content=\"article\" \/>\n<meta property=\"og:title\" content=\"Protezione dei dati - Goldenes Lamm\" \/>\n<meta property=\"og:description\" content=\"JNO Hotelbetriebs GmbH (Albergo di charme Goldenes Lamm) Hauptplatz 1, A &#8211; 9500 Villach Tel.: +43 (0) 4242 \/ 24105 E-mail: office@goldeneslamm.at INFORMATIVA SULLA PRIVACY [borlabs-cookie type=&#8221;btn-cookie-preference&#8221; title=&#8221;Personalizzare le impostazioni dei cookie&#8221; \/] La presente Informativa sulla privacy descrive la raccolta e l&#8217;utilizzo dei dati personali che possono essere raccolti quando ci contattate. Ad esempio, [&hellip;]\" \/>\n<meta property=\"og:url\" content=\"https:\/\/old.goldeneslamm.at\/it\/protezione-dei-dati\/\" \/>\n<meta property=\"og:site_name\" content=\"Goldenes Lamm\" \/>\n<meta property=\"article:modified_time\" content=\"2026-02-03T11:16:25+00:00\" \/>\n<meta name=\"twitter:card\" content=\"summary_large_image\" \/>\n<meta name=\"twitter:label1\" content=\"Tempo di lettura stimato\" \/>\n\t<meta name=\"twitter:data1\" content=\"8 minuti\" \/>\n<script type=\"application\/ld+json\" class=\"yoast-schema-graph\">{\"@context\":\"https:\\\/\\\/schema.org\",\"@graph\":[{\"@type\":\"WebPage\",\"@id\":\"https:\\\/\\\/old.goldeneslamm.at\\\/it\\\/protezione-dei-dati\\\/\",\"url\":\"https:\\\/\\\/old.goldeneslamm.at\\\/it\\\/protezione-dei-dati\\\/\",\"name\":\"Protezione dei dati - Goldenes Lamm\",\"isPartOf\":{\"@id\":\"https:\\\/\\\/old.goldeneslamm.at\\\/it\\\/#website\"},\"datePublished\":\"2023-08-04T11:48:20+00:00\",\"dateModified\":\"2026-02-03T11:16:25+00:00\",\"breadcrumb\":{\"@id\":\"https:\\\/\\\/old.goldeneslamm.at\\\/it\\\/protezione-dei-dati\\\/#breadcrumb\"},\"inLanguage\":\"it-IT\",\"potentialAction\":[{\"@type\":\"ReadAction\",\"target\":[\"https:\\\/\\\/old.goldeneslamm.at\\\/it\\\/protezione-dei-dati\\\/\"]}]},{\"@type\":\"BreadcrumbList\",\"@id\":\"https:\\\/\\\/old.goldeneslamm.at\\\/it\\\/protezione-dei-dati\\\/#breadcrumb\",\"itemListElement\":[{\"@type\":\"ListItem\",\"position\":1,\"name\":\"Startseite\",\"item\":\"https:\\\/\\\/old.goldeneslamm.at\\\/it\\\/\"},{\"@type\":\"ListItem\",\"position\":2,\"name\":\"Protezione dei dati\"}]},{\"@type\":\"WebSite\",\"@id\":\"https:\\\/\\\/old.goldeneslamm.at\\\/it\\\/#website\",\"url\":\"https:\\\/\\\/old.goldeneslamm.at\\\/it\\\/\",\"name\":\"Goldenes Lamm\",\"description\":\"Boutique Hotel\",\"potentialAction\":[{\"@type\":\"SearchAction\",\"target\":{\"@type\":\"EntryPoint\",\"urlTemplate\":\"https:\\\/\\\/old.goldeneslamm.at\\\/it\\\/?s={search_term_string}\"},\"query-input\":{\"@type\":\"PropertyValueSpecification\",\"valueRequired\":true,\"valueName\":\"search_term_string\"}}],\"inLanguage\":\"it-IT\"}]}<\/script>\n<!-- \/ Yoast SEO plugin. -->","yoast_head_json":{"title":"Protezione dei dati - Goldenes Lamm","robots":{"index":"noindex","follow":"nofollow"},"og_locale":"it_IT","og_type":"article","og_title":"Protezione dei dati - Goldenes Lamm","og_description":"JNO Hotelbetriebs GmbH (Albergo di charme Goldenes Lamm) Hauptplatz 1, A &#8211; 9500 Villach Tel.: +43 (0) 4242 \/ 24105 E-mail: office@goldeneslamm.at INFORMATIVA SULLA PRIVACY [borlabs-cookie type=&#8221;btn-cookie-preference&#8221; title=&#8221;Personalizzare le impostazioni dei cookie&#8221; \/] La presente Informativa sulla privacy descrive la raccolta e l&#8217;utilizzo dei dati personali che possono essere raccolti quando ci contattate. Ad esempio, [&hellip;]","og_url":"https:\/\/old.goldeneslamm.at\/it\/protezione-dei-dati\/","og_site_name":"Goldenes Lamm","article_modified_time":"2026-02-03T11:16:25+00:00","twitter_card":"summary_large_image","twitter_misc":{"Tempo di lettura stimato":"8 minuti"},"schema":{"@context":"https:\/\/schema.org","@graph":[{"@type":"WebPage","@id":"https:\/\/old.goldeneslamm.at\/it\/protezione-dei-dati\/","url":"https:\/\/old.goldeneslamm.at\/it\/protezione-dei-dati\/","name":"Protezione dei dati - Goldenes Lamm","isPartOf":{"@id":"https:\/\/old.goldeneslamm.at\/it\/#website"},"datePublished":"2023-08-04T11:48:20+00:00","dateModified":"2026-02-03T11:16:25+00:00","breadcrumb":{"@id":"https:\/\/old.goldeneslamm.at\/it\/protezione-dei-dati\/#breadcrumb"},"inLanguage":"it-IT","potentialAction":[{"@type":"ReadAction","target":["https:\/\/old.goldeneslamm.at\/it\/protezione-dei-dati\/"]}]},{"@type":"BreadcrumbList","@id":"https:\/\/old.goldeneslamm.at\/it\/protezione-dei-dati\/#breadcrumb","itemListElement":[{"@type":"ListItem","position":1,"name":"Startseite","item":"https:\/\/old.goldeneslamm.at\/it\/"},{"@type":"ListItem","position":2,"name":"Protezione dei dati"}]},{"@type":"WebSite","@id":"https:\/\/old.goldeneslamm.at\/it\/#website","url":"https:\/\/old.goldeneslamm.at\/it\/","name":"Goldenes Lamm","description":"Boutique Hotel","potentialAction":[{"@type":"SearchAction","target":{"@type":"EntryPoint","urlTemplate":"https:\/\/old.goldeneslamm.at\/it\/?s={search_term_string}"},"query-input":{"@type":"PropertyValueSpecification","valueRequired":true,"valueName":"search_term_string"}}],"inLanguage":"it-IT"}]}},"_links":{"self":[{"href":"https:\/\/old.goldeneslamm.at\/it\/wp-json\/wp\/v2\/pages\/3834","targetHints":{"allow":["GET"]}}],"collection":[{"href":"https:\/\/old.goldeneslamm.at\/it\/wp-json\/wp\/v2\/pages"}],"about":[{"href":"https:\/\/old.goldeneslamm.at\/it\/wp-json\/wp\/v2\/types\/page"}],"author":[{"embeddable":true,"href":"https:\/\/old.goldeneslamm.at\/it\/wp-json\/wp\/v2\/users\/2"}],"replies":[{"embeddable":true,"href":"https:\/\/old.goldeneslamm.at\/it\/wp-json\/wp\/v2\/comments?post=3834"}],"version-history":[{"count":1,"href":"https:\/\/old.goldeneslamm.at\/it\/wp-json\/wp\/v2\/pages\/3834\/revisions"}],"predecessor-version":[{"id":5130,"href":"https:\/\/old.goldeneslamm.at\/it\/wp-json\/wp\/v2\/pages\/3834\/revisions\/5130"}],"wp:attachment":[{"href":"https:\/\/old.goldeneslamm.at\/it\/wp-json\/wp\/v2\/media?parent=3834"}],"curies":[{"name":"wp","href":"https:\/\/api.w.org\/{rel}","templated":true}]}}