{"id":3843,"date":"2023-08-04T13:44:55","date_gmt":"2023-08-04T11:44:55","guid":{"rendered":"https:\/\/www.goldeneslamm.at\/impronta\/"},"modified":"2026-01-08T14:38:51","modified_gmt":"2026-01-08T13:38:51","slug":"impronta","status":"publish","type":"page","link":"https:\/\/old.goldeneslamm.at\/it\/impronta\/","title":{"rendered":"Impronta"},"content":{"rendered":"<h1>Impronta<\/h1>\n<p><strong>JNO Hotelbetriebs GmbH (Albergo di charme Goldenes Lamm)<\/strong><\/p>\n<p>Hauptplatz 1<br \/>\n9500 Villach<br \/>\nAustria<br \/>\nTel.: 04242 24105<br \/>\nE-mail: <a href=\"mailto:office@goldeneslamm.at\" target=\"_blank\" rel=\"noopener noreferrer\">office@goldeneslamm.at<\/a><\/p>\n<p style=\"font-weight: 400;\"><strong>Dati aziendali<\/strong>:<br \/>\nJNO Hotelbetriebs GmbH (Albergo di charme Goldenes Lamm)<br \/>\nRegistro delle imprese: Fb 585339v<br \/>\nTribunale dell&#8217;azienda: LG Klagenfurt<br \/>\nN. UID: ATU 78431378<\/p>\n<p style=\"font-weight: 400;\"><strong>Proprietario media:<\/strong> JNO Hotelbetriebs GmbH<\/p>\n<p style=\"font-weight: 400;\"><strong>Responsabile per il contenuto:<\/strong> Boutique Hotel Goldenes Lamm<\/p>\n<p style=\"font-weight: 400;\"><strong>Foto:<\/strong> Regione di Villach, Stockphoto, Stinglight Photography<\/p>\n<p style=\"font-weight: 400;\"><strong>Direzione di base:<\/strong><br \/>\nQuesto sito \u00e8 un&#8217;offerta online di JNO Hotelbetriebs GmbH (Boutique Hotel Goldenes Lamm) su Internet. Questo indirizzo web ed eventuali sottodomini forniscono ampie informazioni e servizi online sui prodotti e servizi della nostra azienda.<\/p>\n<p style=\"font-weight: 400;\"><strong>Regolamenti commerciali e professionali:<\/strong><br \/>\nLegge austriaca sulla regolamentazione del commercio<\/p>\n<p style=\"font-weight: 400;\"><strong>Cancellazione:<\/strong><br \/>\nSe non diversamente concordato, si applicano le condizioni del contratto alberghiero austriaco che potete scaricare qui e che sono contenute nelle condizioni generali del settore alberghiero AGB(H).<\/p>\n<p><strong>Supporto per il sito web:<\/strong><br \/>\nAlbergo di charme Goldens Lamm<\/p>\n<p style=\"font-weight: 400; text-align: left;\"><strong>Ideazione, progettazione e programmazione:<\/strong><br \/>\n<a href=\"https:\/\/www.logmedia.at\" target=\"_blank\" rel=\"noopener\">LOGMEDIA GmbH<\/a><\/p>\n<p style=\"font-weight: 400;\"><strong>DISCLAIMER<\/strong><\/p>\n<ol>\n<li style=\"font-weight: 400;\">Contenuto dell&#8217;offerta online<br \/>\nL&#8217;autore non si assume alcuna responsabilit\u00e0 per l&#8217;attualit\u00e0, la correttezza, la completezza o la qualit\u00e0 delle informazioni fornite. Le richieste di responsabilit\u00e0 nei confronti dell&#8217;autore relative a danni materiali o immateriali causati dall&#8217;uso o dal mancato uso delle informazioni fornite o dall&#8217;uso di informazioni errate o incomplete sono escluse in linea di principio, nella misura in cui non sia dimostrabile una colpa intenzionale o gravemente negligente da parte dell&#8217;autore.<br \/>\nTutte le offerte sono soggette a modifiche e non sono vincolanti.<br \/>\nL&#8217;autore si riserva espressamente il diritto di modificare, integrare o cancellare parti delle pagine o l&#8217;intero sito web senza preavviso, o di interrompere temporaneamente o definitivamente la pubblicazione.<\/li>\n<li style=\"font-weight: 400;\">Riferimenti e link<br \/>\nNel caso di riferimenti diretti o indiretti a siti web esterni (&#8220;hyperlink&#8221;) che si trovano al di fuori dell&#8217;area di responsabilit\u00e0 dell&#8217;autore, l&#8217;obbligo di responsabilit\u00e0 entrerebbe in vigore solo se l&#8217;autore fosse a conoscenza del contenuto e se fosse tecnicamente possibile e ragionevole per lui impedirne l&#8217;utilizzo nel caso di contenuti illegali.<br \/>\nL&#8217;autore dichiara espressamente che, al momento della creazione dei link, non era visibile alcun contenuto illegale nelle pagine collegate. L&#8217;autore non ha alcuna influenza sul design attuale e futuro, sui contenuti o sulla paternit\u00e0 delle pagine collegate. Pertanto, egli prende espressamente le distanze da tutti i contenuti di tutte le pagine collegate che sono state modificate dopo la creazione del link. Questa dichiarazione si applica a tutti i link e i riferimenti presenti nel sito web dell&#8217;autore, nonch\u00e9 alle voci di terzi nei libri degli ospiti, nei forum di discussione e nelle mailing list create dall&#8217;autore. Per i contenuti illegali, errati o incompleti e, in particolare, per i danni derivanti dall&#8217;uso o dal mancato uso di tali informazioni, \u00e8 responsabile esclusivamente il fornitore della pagina a cui si fa riferimento e non chi si limita a rimandare alla rispettiva pubblicazione tramite link.<\/li>\n<li style=\"font-weight: 400;\">Diritto d&#8217;autore e dei marchi<br \/>\nL&#8217;autore si impegna a rispettare i diritti d&#8217;autore dei grafici, dei documenti sonori, delle sequenze video e dei testi utilizzati in tutte le pubblicazioni, a utilizzare grafici, documenti sonori, sequenze video e testi creati da lui stesso o a utilizzare grafici, documenti sonori, sequenze video e testi privi di licenza.<br \/>\nTutti i nomi e i marchi di fabbrica citati sul sito web ed eventualmente protetti da terzi sono soggetti senza limitazioni alle disposizioni della legge sui marchi di fabbrica applicabile e ai diritti di propriet\u00e0 dei rispettivi proprietari registrati. La semplice menzione di un marchio non significa che non sia protetto da diritti di terzi!<br \/>\nIl diritto d&#8217;autore per gli oggetti pubblicati creati dall&#8217;autore stesso rimane esclusivamente all&#8217;autore delle pagine. La duplicazione o l&#8217;uso di oggetti come diagrammi, suoni o testi in altre pubblicazioni elettroniche o stampate non \u00e8 consentita senza il consenso dell&#8217;autore.<\/li>\n<li style=\"font-weight: 400;\">Validit\u00e0 legale della presente clausola di esclusione della responsabilit\u00e0<br \/>\nLa presente clausola di esclusione della responsabilit\u00e0 deve essere considerata come parte integrante della pubblicazione internet da cui siete stati indirizzati. Se sezioni o singoli termini di questa dichiarazione non sono legali o corretti, il contenuto o la validit\u00e0 delle altre parti non sono influenzati da questo fatto.<\/li>\n<\/ol>\n<p style=\"font-weight: 400;\">INFORMATIVA SULLA PRIVACY<\/p>\n<ol>\n<li style=\"font-weight: 400;\">Dati personali<br \/>\nI dati personali sono informazioni che possono essere utilizzate per scoprire la vostra identit\u00e0.<br \/>\nCi\u00f2 include informazioni quali il vostro vero nome, l&#8217;indirizzo, l&#8217;indirizzo postale e il numero di telefono. In linea di principio, potete utilizzare la nostra offerta online senza rivelare la vostra identit\u00e0. Quando ci contattate o effettuate un ordine, raccogliamo i vostri dati personali tramite il nostro sistema automatizzato.<br \/>\nSistema di contatto e di ordinazione.<br \/>\nLa trasmissione dei dati \u00e8 ovviamente criptata. Vengono raccolti i seguenti dati:<br \/>\nNome\/cognome o azienda, indirizzo, telefono, fax, indirizzo e-mail,<br \/>\nCondizioni di pagamento (informazioni sulla carta di credito, informazioni sulla consegna) In relazione al vostro accesso, i vostri dati saranno memorizzati per scopi di backup che possono consentire l&#8217;identificazione (ad esempio, indirizzo IP, data, ora). Non avviene alcuno sfruttamento personale. La valutazione statistica dei record di dati anonimizzati rimane riservata.<\/li>\n<li style=\"font-weight: 400;\">Divulgazione di informazioni personali a terzi<br \/>\nIn caso di ordini, utilizziamo i vostri dati personali solo all&#8217;interno di JNO Hotelbetriebs GmbH, Boutique Hotel Goldenes Lamm e delle sue societ\u00e0 affiliate.<br \/>\nNon li trasmettiamo a terzi senza il vostro esplicito consenso.<br \/>\nNel caso in cui i dati vengano trasmessi a fornitori di servizi nell&#8217;ambito dell&#8217;elaborazione dei dati commissionata, anche questi fornitori di servizi sono vincolati dalle loro disposizioni di legge e contrattualmente dall&#8217;Informativa sulla privacy di b.media.<br \/>\nPer ordine di un tribunale, su richiesta di un&#8217;autorit\u00e0 investigativa o a fini probatori (ad esempio in caso di violazione delle nostre CGC), i dati e le informazioni da noi memorizzati possono essere utilizzati nell&#8217;ambito delle leggi vigenti e divulgati a terzi, se necessario. I vostri dati non saranno mai trasmessi a terzi in nessun caso, a meno che non sia necessario come spiegato sopra. In nessun caso vendiamo i vostri dati o li trasmettiamo per scopi pubblicitari.<\/li>\n<li style=\"font-weight: 400;\">Utilizzo dei cookie<br \/>\nUtilizziamo i &#8220;cookie&#8221; (piccoli file con informazioni di configurazione) in conformit\u00e0 alle specifiche della Informationsgemeinschaft zur Feststellung der Verbreitung von Werbetr\u00e4gern e. V. (IVW). Essi aiutano a determinare la frequenza di utilizzo e il numero di utenti del nostro sito web.<br \/>\nNon raccogliamo dati personali tramite i cookie.<br \/>\nQuando si effettua un ordine, \u00e8 possibile che un &#8220;cookie&#8221; venga memorizzato sul computer dell&#8217;utente.<br \/>\nQuesto non serve a valutare il comportamento dell&#8217;utente o simili.<br \/>\n\u00c8 possibile utilizzare le nostre offerte anche senza cookie. La maggior parte dei browser \u00e8 impostata per accettare automaticamente i cookie. Tuttavia, \u00e8 possibile disattivare la memorizzazione dei cookie o impostare il browser in modo da essere avvisati non appena vengono inviati i cookie.<br \/>\nIn alcune pagine, gli annunci pubblicitari sono forniti direttamente dalle aziende. I cookie possono essere utilizzati senza che noi possiamo segnalarlo all&#8217;utente.<\/li>\n<li style=\"font-weight: 400;\">Link ad altri siti web<br \/>\nLa nostra offerta online contiene link ad altri siti web.<br \/>\nNon abbiamo alcuna influenza sul rispetto delle norme sulla protezione dei dati da parte dei loro operatori.<\/li>\n<li style=\"font-weight: 400;\">Domande e commenti<br \/>\nPer domande, suggerimenti o commenti sul tema della protezione dei dati, vi preghiamo di contattarci via e-mail all&#8217;indirizzo: <a href=\"mailto:office@goldeneslamm.at\" target=\"_blank\" rel=\"noopener noreferrer\">office@goldeneslamm.at<\/a>.<\/li>\n<\/ol>\n","protected":false},"excerpt":{"rendered":"<p>Impronta JNO Hotelbetriebs GmbH (Albergo di charme Goldenes Lamm) Hauptplatz 1 9500 Villach Austria Tel.: 04242 24105 E-mail: office@goldeneslamm.at Dati aziendali: JNO Hotelbetriebs GmbH (Albergo di charme Goldenes Lamm) Registro delle imprese: Fb 585339v Tribunale dell&#8217;azienda: LG Klagenfurt N. UID: ATU 78431378 Proprietario media: JNO Hotelbetriebs GmbH Responsabile per il contenuto: Boutique Hotel Goldenes Lamm [&hellip;]<\/p>\n","protected":false},"author":2,"featured_media":0,"parent":0,"menu_order":0,"comment_status":"closed","ping_status":"closed","template":"","meta":{"footnotes":""},"class_list":["post-3843","page","type-page","status-publish","hentry"],"yoast_head":"<!-- This site is optimized with the Yoast SEO plugin v27.4 - https:\/\/yoast.com\/product\/yoast-seo-wordpress\/ -->\n<title>JNO Hotelbetriebs GmbH (Albergo di charme Goldenes Lamm)<\/title>\n<meta name=\"description\" content=\"Scoprite il lusso e il servizio personalizzato del Boutique Hotel Goldenes Lamm di Villach. Un clic per l&#039;imprinting.\" \/>\n<meta name=\"robots\" content=\"noindex, follow, max-snippet:-1, max-image-preview:large, max-video-preview:-1\" \/>\n<meta property=\"og:locale\" content=\"it_IT\" \/>\n<meta property=\"og:type\" content=\"article\" \/>\n<meta property=\"og:title\" content=\"JNO Hotelbetriebs GmbH (Albergo di charme Goldenes Lamm)\" \/>\n<meta property=\"og:description\" content=\"Scoprite il lusso e il servizio personalizzato del Boutique Hotel Goldenes Lamm di Villach. Un clic per l&#039;imprinting.\" \/>\n<meta property=\"og:url\" content=\"https:\/\/old.goldeneslamm.at\/it\/impronta\/\" \/>\n<meta property=\"og:site_name\" content=\"Goldenes Lamm\" \/>\n<meta property=\"article:modified_time\" content=\"2026-01-08T13:38:51+00:00\" \/>\n<meta name=\"twitter:card\" content=\"summary_large_image\" \/>\n<script type=\"application\/ld+json\" class=\"yoast-schema-graph\">{\"@context\":\"https:\\\/\\\/schema.org\",\"@graph\":[{\"@type\":\"WebPage\",\"@id\":\"https:\\\/\\\/old.goldeneslamm.at\\\/it\\\/impronta\\\/\",\"url\":\"https:\\\/\\\/old.goldeneslamm.at\\\/it\\\/impronta\\\/\",\"name\":\"JNO Hotelbetriebs GmbH (Albergo di charme Goldenes Lamm)\",\"isPartOf\":{\"@id\":\"https:\\\/\\\/old.goldeneslamm.at\\\/it\\\/#website\"},\"datePublished\":\"2023-08-04T11:44:55+00:00\",\"dateModified\":\"2026-01-08T13:38:51+00:00\",\"description\":\"Scoprite il lusso e il servizio personalizzato del Boutique Hotel Goldenes Lamm di Villach. Un clic per l'imprinting.\",\"breadcrumb\":{\"@id\":\"https:\\\/\\\/old.goldeneslamm.at\\\/it\\\/impronta\\\/#breadcrumb\"},\"inLanguage\":\"it-IT\",\"potentialAction\":[{\"@type\":\"ReadAction\",\"target\":[\"https:\\\/\\\/old.goldeneslamm.at\\\/it\\\/impronta\\\/\"]}]},{\"@type\":\"BreadcrumbList\",\"@id\":\"https:\\\/\\\/old.goldeneslamm.at\\\/it\\\/impronta\\\/#breadcrumb\",\"itemListElement\":[{\"@type\":\"ListItem\",\"position\":1,\"name\":\"Startseite\",\"item\":\"https:\\\/\\\/old.goldeneslamm.at\\\/it\\\/\"},{\"@type\":\"ListItem\",\"position\":2,\"name\":\"Impronta\"}]},{\"@type\":\"WebSite\",\"@id\":\"https:\\\/\\\/old.goldeneslamm.at\\\/it\\\/#website\",\"url\":\"https:\\\/\\\/old.goldeneslamm.at\\\/it\\\/\",\"name\":\"Goldenes Lamm\",\"description\":\"Boutique Hotel\",\"potentialAction\":[{\"@type\":\"SearchAction\",\"target\":{\"@type\":\"EntryPoint\",\"urlTemplate\":\"https:\\\/\\\/old.goldeneslamm.at\\\/it\\\/?s={search_term_string}\"},\"query-input\":{\"@type\":\"PropertyValueSpecification\",\"valueRequired\":true,\"valueName\":\"search_term_string\"}}],\"inLanguage\":\"it-IT\"}]}<\/script>\n<!-- \/ Yoast SEO plugin. -->","yoast_head_json":{"title":"JNO Hotelbetriebs GmbH (Albergo di charme Goldenes Lamm)","description":"Scoprite il lusso e il servizio personalizzato del Boutique Hotel Goldenes Lamm di Villach. Un clic per l'imprinting.","robots":{"index":"noindex","follow":"follow","max-snippet":"max-snippet:-1","max-image-preview":"max-image-preview:large","max-video-preview":"max-video-preview:-1"},"og_locale":"it_IT","og_type":"article","og_title":"JNO Hotelbetriebs GmbH (Albergo di charme Goldenes Lamm)","og_description":"Scoprite il lusso e il servizio personalizzato del Boutique Hotel Goldenes Lamm di Villach. Un clic per l'imprinting.","og_url":"https:\/\/old.goldeneslamm.at\/it\/impronta\/","og_site_name":"Goldenes Lamm","article_modified_time":"2026-01-08T13:38:51+00:00","twitter_card":"summary_large_image","schema":{"@context":"https:\/\/schema.org","@graph":[{"@type":"WebPage","@id":"https:\/\/old.goldeneslamm.at\/it\/impronta\/","url":"https:\/\/old.goldeneslamm.at\/it\/impronta\/","name":"JNO Hotelbetriebs GmbH (Albergo di charme Goldenes Lamm)","isPartOf":{"@id":"https:\/\/old.goldeneslamm.at\/it\/#website"},"datePublished":"2023-08-04T11:44:55+00:00","dateModified":"2026-01-08T13:38:51+00:00","description":"Scoprite il lusso e il servizio personalizzato del Boutique Hotel Goldenes Lamm di Villach. Un clic per l'imprinting.","breadcrumb":{"@id":"https:\/\/old.goldeneslamm.at\/it\/impronta\/#breadcrumb"},"inLanguage":"it-IT","potentialAction":[{"@type":"ReadAction","target":["https:\/\/old.goldeneslamm.at\/it\/impronta\/"]}]},{"@type":"BreadcrumbList","@id":"https:\/\/old.goldeneslamm.at\/it\/impronta\/#breadcrumb","itemListElement":[{"@type":"ListItem","position":1,"name":"Startseite","item":"https:\/\/old.goldeneslamm.at\/it\/"},{"@type":"ListItem","position":2,"name":"Impronta"}]},{"@type":"WebSite","@id":"https:\/\/old.goldeneslamm.at\/it\/#website","url":"https:\/\/old.goldeneslamm.at\/it\/","name":"Goldenes Lamm","description":"Boutique Hotel","potentialAction":[{"@type":"SearchAction","target":{"@type":"EntryPoint","urlTemplate":"https:\/\/old.goldeneslamm.at\/it\/?s={search_term_string}"},"query-input":{"@type":"PropertyValueSpecification","valueRequired":true,"valueName":"search_term_string"}}],"inLanguage":"it-IT"}]}},"_links":{"self":[{"href":"https:\/\/old.goldeneslamm.at\/it\/wp-json\/wp\/v2\/pages\/3843","targetHints":{"allow":["GET"]}}],"collection":[{"href":"https:\/\/old.goldeneslamm.at\/it\/wp-json\/wp\/v2\/pages"}],"about":[{"href":"https:\/\/old.goldeneslamm.at\/it\/wp-json\/wp\/v2\/types\/page"}],"author":[{"embeddable":true,"href":"https:\/\/old.goldeneslamm.at\/it\/wp-json\/wp\/v2\/users\/2"}],"replies":[{"embeddable":true,"href":"https:\/\/old.goldeneslamm.at\/it\/wp-json\/wp\/v2\/comments?post=3843"}],"version-history":[{"count":4,"href":"https:\/\/old.goldeneslamm.at\/it\/wp-json\/wp\/v2\/pages\/3843\/revisions"}],"predecessor-version":[{"id":6620,"href":"https:\/\/old.goldeneslamm.at\/it\/wp-json\/wp\/v2\/pages\/3843\/revisions\/6620"}],"wp:attachment":[{"href":"https:\/\/old.goldeneslamm.at\/it\/wp-json\/wp\/v2\/media?parent=3843"}],"curies":[{"name":"wp","href":"https:\/\/api.w.org\/{rel}","templated":true}]}}