{"id":3973,"date":"2023-03-31T13:44:29","date_gmt":"2023-03-31T11:44:29","guid":{"rendered":"https:\/\/www.goldeneslamm.at\/carriera-benefici-e-lavoro\/"},"modified":"2025-02-13T13:06:32","modified_gmt":"2025-02-13T12:06:32","slug":"carriera-benefici-e-lavoro","status":"publish","type":"page","link":"https:\/\/old.goldeneslamm.at\/it\/carriera-benefici-e-lavoro\/","title":{"rendered":"Carriera, benefici e lavoro"},"content":{"rendered":"\n<style type=\"text\/css\" data-created_by=\"avia_inline_auto\" id=\"style-css-av-ls8u7a3b-b9a364264528b93d23f1bbc543a848f7\">\n#top .av-special-heading.av-ls8u7a3b-b9a364264528b93d23f1bbc543a848f7{\npadding-bottom:10px;\n}\nbody .av-special-heading.av-ls8u7a3b-b9a364264528b93d23f1bbc543a848f7 .av-special-heading-tag .heading-char{\nfont-size:25px;\n}\n.av-special-heading.av-ls8u7a3b-b9a364264528b93d23f1bbc543a848f7 .av-subheading{\nfont-size:15px;\n}\n<\/style>\n<div  class='av-special-heading av-ls8u7a3b-b9a364264528b93d23f1bbc543a848f7 av-special-heading-h1 blockquote modern-quote modern-centered  avia-builder-el-0  el_before_av_three_fifth  avia-builder-el-first '><h1 class='av-special-heading-tag '  itemprop=\"headline\"  >Carriera a Villach<\/h1><div class=\"special-heading-border\"><div class=\"special-heading-inner-border\"><\/div><\/div><\/div>\n<div class='flex_column_table av-ap3n69-af5ff40cf6456ce6bdff5dbe979367f9 sc-av_three_fifth av-break-at-tablet-flextable av-mobile-columns-flex av-columns-reverse av-equal-height-column-flextable'><div  class='flex_column av-ap3n69-af5ff40cf6456ce6bdff5dbe979367f9 av_three_fifth  avia-builder-el-1  el_after_av_heading  el_before_av_two_fifth  first av-break-at-tablet flex_column_table_cell av-equal-height-column av-align-top  '     ><p><article  class='iconbox iconbox_left av-lih7yjx3-a2cd4856aced5216522b2387a9f8d7b6  avia-builder-el-2  el_before_av_icon_box  avia-builder-el-first '  itemscope=\"itemscope\" itemtype=\"https:\/\/schema.org\/CreativeWork\" ><div class=\"iconbox_content\"><header class=\"entry-content-header\" aria-label=\"Icona: Un luogo di lavoro nel cuore di Villach...\"><div class='iconbox_icon heading-color avia-iconfont avia-font-entypo-fontello' data-av_icon='\ue812' data-av_iconfont='entypo-fontello'  ><\/div><h3 class='iconbox_content_title '  itemprop=\"headline\" >Un luogo di lavoro nel cuore di Villach...<\/h3><\/header><div class='iconbox_content_container '  itemprop=\"text\" ><p>&#8230; in una delle case pi\u00f9 tradizionali della citt\u00e0. Cosa si pu\u00f2 desiderare di pi\u00f9?<\/p>\n<\/div><\/div><footer class=\"entry-footer\"><\/footer><\/article><br \/>\n<article  class='iconbox iconbox_left av-lih82y77-5db27a95ef3e32f477603f25a615eb2b  avia-builder-el-3  el_after_av_icon_box  el_before_av_icon_box '  itemscope=\"itemscope\" itemtype=\"https:\/\/schema.org\/CreativeWork\" ><div class=\"iconbox_content\"><header class=\"entry-content-header\" aria-label=\"Icona: Una squadra in cui il rispetto...\"><div class='iconbox_icon heading-color avia-iconfont avia-font-entypo-fontello' data-av_icon='\ue812' data-av_iconfont='entypo-fontello'  ><\/div><h3 class='iconbox_content_title '  itemprop=\"headline\" >Una squadra in cui il rispetto...<\/h3><\/header><div class='iconbox_content_container '  itemprop=\"text\" ><p>&#8230; l&#8217;interazione amichevole e la cooperazione cordiale sono una priorit\u00e0.<\/p>\n<\/div><\/div><footer class=\"entry-footer\"><\/footer><\/article><br \/>\n<article  class='iconbox iconbox_left av-lih83xho-ce5445c529f419d80dc1270fcad67a0b  avia-builder-el-4  el_after_av_icon_box  el_before_av_icon_box '  itemscope=\"itemscope\" itemtype=\"https:\/\/schema.org\/CreativeWork\" ><div class=\"iconbox_content\"><header class=\"entry-content-header\" aria-label=\"Icona: Opportunit\u00e0 di promozione interna per tutti...\"><div class='iconbox_icon heading-color avia-iconfont avia-font-entypo-fontello' data-av_icon='\ue812' data-av_iconfont='entypo-fontello'  ><\/div><h3 class='iconbox_content_title '  itemprop=\"headline\" >Opportunit\u00e0 di promozione interna per tutti...<\/h3><\/header><div class='iconbox_content_container '  itemprop=\"text\" ><p>&#8230; indipendentemente dalla formazione o dall&#8217;esperienza professionale precedente? Tutti i nostri dipendenti sono supportati in ogni momento.<\/p>\n<\/div><\/div><footer class=\"entry-footer\"><\/footer><\/article><br \/>\n<article  class='iconbox iconbox_left av-lih84zrj-b4672cfd66f8eb52b288c80008252068  avia-builder-el-5  el_after_av_icon_box  avia-builder-el-last '  itemscope=\"itemscope\" itemtype=\"https:\/\/schema.org\/CreativeWork\" ><div class=\"iconbox_content\"><header class=\"entry-content-header\" aria-label=\"Icona: La formazione degli apprendisti: una questione che ci sta a cuore!\"><div class='iconbox_icon heading-color avia-iconfont avia-font-entypo-fontello' data-av_icon='\ue806' data-av_iconfont='entypo-fontello'  ><\/div><h3 class='iconbox_content_title '  itemprop=\"headline\" >La formazione degli apprendisti: una questione che ci sta a cuore!<\/h3><\/header><div class='iconbox_content_container '  itemprop=\"text\" ><p>Con anni di esperienza, formiamo i nostri apprendisti al meglio delle nostre conoscenze e convinzioni. Ogni apprendista della nostra azienda \u00e8 preparato al meglio per il mondo professionale. Siamo molto orgogliosi quando i nostri giovani colleghi completano ripetutamente il loro apprendistato HGA con i migliori voti e partecipano con successo ai concorsi.<\/p>\n<\/div><\/div><footer class=\"entry-footer\"><\/footer><\/article><\/p><\/div>\n<div class='av-flex-placeholder'><\/div><div  class='flex_column av-caw6v5-3da502b94a11f1b2c81cbfc4ae5bbae7 av_two_fifth  avia-builder-el-6  el_after_av_three_fifth  el_before_av_hr  av-break-at-tablet flex_column_table_cell av-equal-height-column av-align-top  '     ><style type=\"text\/css\" data-created_by=\"avia_inline_auto\" id=\"style-css-av-liczpwk3-fab183385cfefdc12cf66ec5abb2a3be\">\n.av-icon-circles-container.av-liczpwk3-fab183385cfefdc12cf66ec5abb2a3be .avia-icon-circles-inner{\ntransform:rotate(12deg);\n}\n.av-icon-circles-container.av-liczpwk3-fab183385cfefdc12cf66ec5abb2a3be.avia_start_animation .avia-icon-circles-icon{\ntransform:rotate(-12deg) !important;\n}\n.av-icon-circles-container.av-liczpwk3-fab183385cfefdc12cf66ec5abb2a3be .avia-icon-circles-icon-text{\ntransform:rotate(-12deg);\n}\n.av-icon-circles-container.av-liczpwk3-fab183385cfefdc12cf66ec5abb2a3be .avia-icon-circles-icon-1{\ntransform:translate(0px,250px);\nleft:50%;\ntop:0%;\n}\n.av-icon-circles-container.av-liczpwk3-fab183385cfefdc12cf66ec5abb2a3be.avia_start_animation .avia-icon-circles-icon-1{\ntransform:translate(0px,0px);\nopacity:1;\ntransition-delay:1s;\n}\n.av-icon-circles-container.av-liczpwk3-fab183385cfefdc12cf66ec5abb2a3be .avia-icon-circles-icon-2{\ntransform:translate(-195px,155px);\nleft:89%;\ntop:18%;\n}\n.av-icon-circles-container.av-liczpwk3-fab183385cfefdc12cf66ec5abb2a3be.avia_start_animation .avia-icon-circles-icon-2{\ntransform:translate(0px,0px);\nopacity:1;\ntransition-delay:1.2s;\n}\n.av-icon-circles-container.av-liczpwk3-fab183385cfefdc12cf66ec5abb2a3be .avia-icon-circles-icon-3{\ntransform:translate(-243px,-55px);\nleft:98%;\ntop:61%;\n}\n.av-icon-circles-container.av-liczpwk3-fab183385cfefdc12cf66ec5abb2a3be.avia_start_animation .avia-icon-circles-icon-3{\ntransform:translate(0px,0px);\nopacity:1;\ntransition-delay:1.4s;\n}\n.av-icon-circles-container.av-liczpwk3-fab183385cfefdc12cf66ec5abb2a3be .avia-icon-circles-icon-4{\ntransform:translate(-108px,-225px);\nleft:71%;\ntop:95%;\n}\n.av-icon-circles-container.av-liczpwk3-fab183385cfefdc12cf66ec5abb2a3be.avia_start_animation .avia-icon-circles-icon-4{\ntransform:translate(0px,0px);\nopacity:1;\ntransition-delay:1.6s;\n}\n.av-icon-circles-container.av-liczpwk3-fab183385cfefdc12cf66ec5abb2a3be .avia-icon-circles-icon-5{\ntransform:translate(108px,-225px);\nleft:28%;\ntop:95%;\n}\n.av-icon-circles-container.av-liczpwk3-fab183385cfefdc12cf66ec5abb2a3be.avia_start_animation .avia-icon-circles-icon-5{\ntransform:translate(0px,0px);\nopacity:1;\ntransition-delay:1.8s;\n}\n.av-icon-circles-container.av-liczpwk3-fab183385cfefdc12cf66ec5abb2a3be .avia-icon-circles-icon-6{\ntransform:translate(243px,-55px);\nleft:1%;\ntop:61%;\n}\n.av-icon-circles-container.av-liczpwk3-fab183385cfefdc12cf66ec5abb2a3be.avia_start_animation .avia-icon-circles-icon-6{\ntransform:translate(0px,0px);\nopacity:1;\ntransition-delay:2s;\n}\n.av-icon-circles-container.av-liczpwk3-fab183385cfefdc12cf66ec5abb2a3be .avia-icon-circles-icon-7{\ntransform:translate(195px,155px);\nleft:10%;\ntop:18%;\n}\n.av-icon-circles-container.av-liczpwk3-fab183385cfefdc12cf66ec5abb2a3be.avia_start_animation .avia-icon-circles-icon-7{\ntransform:translate(0px,0px);\nopacity:1;\ntransition-delay:2.2s;\n}\n.av-icon-circles-container.av-liczpwk3-fab183385cfefdc12cf66ec5abb2a3be.avia_start_animation.avia_animation_finished .avia-icon-circles-icon{\ntransition-delay:0s;\n}\n<\/style>\n<div class='av-icon-circles-container av-liczpwk3-fab183385cfefdc12cf66ec5abb2a3be avia_animate_when_visible  avia-builder-el-7  avia-builder-el-no-sibling ' ><div class='avia-icon-circles-main-logo'  itemprop=\"image\" itemscope=\"itemscope\" itemtype=\"https:\/\/schema.org\/ImageObject\" ><img src='https:\/\/old.goldeneslamm.at\/wp-content\/uploads\/2023\/03\/Wappen.png' alt='Wappen Hotel Goldenes Lamm' title='Wappen'  itemprop=\"thumbnailUrl\"  \/><\/div><div class=\"avia-icon-circles-inner\"><div class='avia-icon-circles-icon av-liczo6m3-128799cc54bffaccb2e15e9814a9b938 av-no-link avia-iconfont avia-font-entypo-fontello avia-icon-circles-icon-1' data-icon-circles-icon=\"1\" data-av_icon='\ue837' data-av_iconfont='entypo-fontello' ><\/div><div class='avia-icon-circles-icon-text av-liczo6m3-128799cc54bffaccb2e15e9814a9b938 avia-icon-circles-icon-text-1' data-icon-circles-text=\"1\"><div class=\"avia-icon-circles-icon-text-inner\"><div class=\"icon-title\">Istruzione <\/div><div class=\"icon-description\"><p>Formazione ai massimi livelli<\/p>\n<\/div><\/div><\/div><div class='avia-icon-circles-icon av-liczpdpl-8b306eae1fc27748635df4b6cb4ff231 av-no-link avia-iconfont avia-font-entypo-fontello avia-icon-circles-icon-2' data-icon-circles-icon=\"2\" data-av_icon='\ue80b' data-av_iconfont='entypo-fontello' ><\/div><div class='avia-icon-circles-icon-text av-liczpdpl-8b306eae1fc27748635df4b6cb4ff231 avia-icon-circles-icon-text-2' data-icon-circles-text=\"2\"><div class=\"avia-icon-circles-icon-text-inner\"><div class=\"icon-title\">Lavoro di squadra<\/div><div class=\"icon-description\"><p>Atmosfera familiare e interazione rispettosa<\/p>\n<\/div><\/div><\/div><div class='avia-icon-circles-icon av-liczpuvq-43ccb6ce7218a9ef40fd056d3371e29f av-no-link avia-iconfont avia-font-entypo-fontello avia-icon-circles-icon-3' data-icon-circles-icon=\"3\" data-av_icon='\ue82b' data-av_iconfont='entypo-fontello' ><\/div><div class='avia-icon-circles-icon-text av-liczpuvq-43ccb6ce7218a9ef40fd056d3371e29f avia-icon-circles-icon-text-3' data-icon-circles-text=\"3\"><div class=\"avia-icon-circles-icon-text-inner\"><div class=\"icon-title\">Insieme<\/div><div class=\"icon-description\"><p>Colazione giornaliera comune per i dipendenti<\/p>\n<\/div><\/div><\/div><div class='avia-icon-circles-icon av-liczv9dj-1de0b4002c8a0800a687c426ab0ff25c av-no-link avia-iconfont avia-font-entypo-fontello avia-icon-circles-icon-4' data-icon-circles-icon=\"4\" data-av_icon='\ue81e' data-av_iconfont='entypo-fontello' ><\/div><div class='avia-icon-circles-icon-text av-liczv9dj-1de0b4002c8a0800a687c426ab0ff25c avia-icon-circles-icon-text-4' data-icon-circles-text=\"4\"><div class=\"avia-icon-circles-icon-text-inner\"><div class=\"icon-title\">Formazione continua<\/div><div class=\"icon-description\"><p>La formazione continua e avanzata \u00e8 supportata in tutti i settori<\/p>\n<\/div><\/div><\/div><div class='avia-icon-circles-icon av-liczx6dm-6cc3013859fa684e5a61198eab78ffaa av-no-link avia-iconfont avia-font-entypo-fontello avia-icon-circles-icon-5' data-icon-circles-icon=\"5\" data-av_icon='\ue8cc' data-av_iconfont='entypo-fontello' ><\/div><div class='avia-icon-circles-icon-text av-liczx6dm-6cc3013859fa684e5a61198eab78ffaa avia-icon-circles-icon-text-5' data-icon-circles-text=\"5\"><div class=\"avia-icon-circles-icon-text-inner\"><div class=\"icon-title\">Spa<\/div><div class=\"icon-description\"><p>Utilizzo dell\u2019area spa<\/p>\n<\/div><\/div><\/div><div class='avia-icon-circles-icon av-liczy2cj-34f0403571729aa3f384ff01d39b0abc av-no-link avia-iconfont avia-font-entypo-fontello avia-icon-circles-icon-6' data-icon-circles-icon=\"6\" data-av_icon='\ue812' data-av_iconfont='entypo-fontello' ><\/div><div class='avia-icon-circles-icon-text av-liczy2cj-34f0403571729aa3f384ff01d39b0abc avia-icon-circles-icon-text-6' data-icon-circles-text=\"6\"><div class=\"avia-icon-circles-icon-text-inner\"><div class=\"icon-title\">Benefici<\/div><div class=\"icon-description\"><p>13. e 14. stipendio<\/p>\n<\/div><\/div><\/div><div class='avia-icon-circles-icon av-liczyvqy-3edf94271f130c13c65c9c69a605d24e av-no-link avia-iconfont avia-font-entypo-fontello avia-icon-circles-icon-7' data-icon-circles-icon=\"7\" data-av_icon='\ue803' data-av_iconfont='entypo-fontello' ><\/div><div class='avia-icon-circles-icon-text av-liczyvqy-3edf94271f130c13c65c9c69a605d24e avia-icon-circles-icon-text-7' data-icon-circles-text=\"7\"><div class=\"avia-icon-circles-icon-text-inner\"><div class=\"icon-title\">Pianificazione<\/div><div class=\"icon-description\"><p>Pianificazione anticipata del dovere<\/p>\n<\/div><\/div><\/div><\/div><\/div><\/div><\/div><!--close column table wrapper. Autoclose: 1 -->\n<div  class='hr av-9uolvl-011fcebadc09097a4dea55f058b4054b hr-default  avia-builder-el-8  el_after_av_two_fifth  el_before_av_contact '><span class='hr-inner '><span class=\"hr-inner-style\"><\/span><\/span><\/div>\n<form action=\"https:\/\/old.goldeneslamm.at\/it\/carriera-benefici-e-lavoro\/\" method=\"post\" data-fields-with-error=\"Sono stati riscontrati errori nei seguenti campi:\" class=\"avia_ajax_form av-form-labels-hidden   avia-builder-el-9  el_after_av_hr  avia-builder-el-last   \" data-avia-form-id=\"1\" data-avia-redirect='' ><h3 class=''>Avete domande? Siamo qui per voi!<\/h3><fieldset><p class='  first_form  form_element form_fullwidth' id='element_avia_1_1'><label for=\"avia_1_1\">Nome <abbr class=\"required\" title=\"richiesto\">*<\/abbr><\/label> <input name=\"avia_1_1\" class=\"text_input is_empty\" type=\"text\" id=\"avia_1_1\" value=\"\"  placeholder='Nome*'\/><\/p><p class='  first_form  form_element form_fullwidth' id='element_avia_2_1'><label for=\"avia_2_1\">E-mail <abbr class=\"required\" title=\"richiesto\">*<\/abbr><\/label> <input name=\"avia_2_1\" class=\"text_input is_email\" type=\"text\" id=\"avia_2_1\" value=\"\"  placeholder='E-mail*'\/><\/p><p class='  first_form  form_element form_fullwidth' id='element_avia_3_1'><label for=\"avia_3_1\">Oggetto <abbr class=\"required\" title=\"richiesto\">*<\/abbr><\/label> <input name=\"avia_3_1\" class=\"text_input is_empty\" type=\"text\" id=\"avia_3_1\" value=\"\"  placeholder='Oggetto*'\/><\/p><p class='  first_form  form_element form_fullwidth av-last-visible-form-element' id='element_avia_4_1'><label for=\"avia_4_1\" class=\"textare_label hidden textare_label_avia_4_1\">Messaggio <abbr class=\"required\" title=\"richiesto\">*<\/abbr><\/label><textarea  placeholder='Messaggio*' name=\"avia_4_1\" class=\"text_area is_empty\" cols=\"40\" rows=\"7\" id=\"avia_4_1\" ><\/textarea><\/p><p class=\"hidden\"><input type=\"text\" name=\"avia_5_1\" class=\"hidden \" id=\"avia_5_1\" value=\"\" \/><\/p><p class=\"form_element \"><input type=\"hidden\" value=\"1\" name=\"avia_generated_form1\" \/><input type=\"submit\" value=\"Inviare\" class=\"button\"  data-sending-label=\"Invio\"\/><\/p><\/fieldset><\/form><div id=\"ajaxresponse_1\" class=\"ajaxresponse ajaxresponse_1 hidden\"><\/div>\n","protected":false},"excerpt":{"rendered":"","protected":false},"author":1,"featured_media":3673,"parent":0,"menu_order":0,"comment_status":"closed","ping_status":"closed","template":"","meta":{"footnotes":""},"class_list":["post-3973","page","type-page","status-publish","has-post-thumbnail","hentry"],"yoast_head":"<!-- This site is optimized with the Yoast SEO plugin v27.4 - https:\/\/yoast.com\/product\/yoast-seo-wordpress\/ -->\n<title>Carriera un luogo di lavoro nel cuore di Villach<\/title>\n<meta name=\"description\" content=\"Scoprite le opportunit\u00e0 di carriera nel cuore di Villach! Nel nostro team la tradizione incontra il progresso. Crescete con noi - candidatevi ora!\" \/>\n<meta name=\"robots\" content=\"noindex, follow, max-snippet:-1, max-image-preview:large, max-video-preview:-1\" \/>\n<meta property=\"og:locale\" content=\"it_IT\" \/>\n<meta property=\"og:type\" content=\"article\" \/>\n<meta property=\"og:title\" content=\"Carriera un luogo di lavoro nel cuore di Villach\" \/>\n<meta property=\"og:description\" content=\"Scoprite le opportunit\u00e0 di carriera nel cuore di Villach! Nel nostro team la tradizione incontra il progresso. Crescete con noi - candidatevi ora!\" \/>\n<meta property=\"og:url\" content=\"https:\/\/old.goldeneslamm.at\/it\/carriera-benefici-e-lavoro\/\" \/>\n<meta property=\"og:site_name\" content=\"Goldenes Lamm\" \/>\n<meta property=\"article:modified_time\" content=\"2025-02-13T12:06:32+00:00\" \/>\n<meta property=\"og:image\" content=\"https:\/\/old.goldeneslamm.at\/wp-content\/uploads\/2023\/07\/IM_G1672.jpg\" \/>\n\t<meta property=\"og:image:width\" content=\"640\" \/>\n\t<meta property=\"og:image:height\" content=\"427\" \/>\n\t<meta property=\"og:image:type\" content=\"image\/jpeg\" \/>\n<meta name=\"twitter:card\" content=\"summary_large_image\" \/>\n<meta name=\"twitter:label1\" content=\"Tempo di lettura stimato\" \/>\n\t<meta name=\"twitter:data1\" content=\"2 minuti\" \/>\n<script type=\"application\/ld+json\" class=\"yoast-schema-graph\">{\"@context\":\"https:\\\/\\\/schema.org\",\"@graph\":[{\"@type\":\"WebPage\",\"@id\":\"https:\\\/\\\/old.goldeneslamm.at\\\/it\\\/carriera-benefici-e-lavoro\\\/\",\"url\":\"https:\\\/\\\/old.goldeneslamm.at\\\/it\\\/carriera-benefici-e-lavoro\\\/\",\"name\":\"Carriera un luogo di lavoro nel cuore di Villach\",\"isPartOf\":{\"@id\":\"https:\\\/\\\/old.goldeneslamm.at\\\/it\\\/#website\"},\"primaryImageOfPage\":{\"@id\":\"https:\\\/\\\/old.goldeneslamm.at\\\/it\\\/carriera-benefici-e-lavoro\\\/#primaryimage\"},\"image\":{\"@id\":\"https:\\\/\\\/old.goldeneslamm.at\\\/it\\\/carriera-benefici-e-lavoro\\\/#primaryimage\"},\"thumbnailUrl\":\"https:\\\/\\\/old.goldeneslamm.at\\\/wp-content\\\/uploads\\\/2023\\\/07\\\/IM_G1672.jpg\",\"datePublished\":\"2023-03-31T11:44:29+00:00\",\"dateModified\":\"2025-02-13T12:06:32+00:00\",\"description\":\"Scoprite le opportunit\u00e0 di carriera nel cuore di Villach! Nel nostro team la tradizione incontra il progresso. Crescete con noi - candidatevi ora!\",\"breadcrumb\":{\"@id\":\"https:\\\/\\\/old.goldeneslamm.at\\\/it\\\/carriera-benefici-e-lavoro\\\/#breadcrumb\"},\"inLanguage\":\"it-IT\",\"potentialAction\":[{\"@type\":\"ReadAction\",\"target\":[\"https:\\\/\\\/old.goldeneslamm.at\\\/it\\\/carriera-benefici-e-lavoro\\\/\"]}]},{\"@type\":\"ImageObject\",\"inLanguage\":\"it-IT\",\"@id\":\"https:\\\/\\\/old.goldeneslamm.at\\\/it\\\/carriera-benefici-e-lavoro\\\/#primaryimage\",\"url\":\"https:\\\/\\\/old.goldeneslamm.at\\\/wp-content\\\/uploads\\\/2023\\\/07\\\/IM_G1672.jpg\",\"contentUrl\":\"https:\\\/\\\/old.goldeneslamm.at\\\/wp-content\\\/uploads\\\/2023\\\/07\\\/IM_G1672.jpg\",\"width\":640,\"height\":427,\"caption\":\"Karriere im Hotel Goldenes Lamm in Villach\"},{\"@type\":\"BreadcrumbList\",\"@id\":\"https:\\\/\\\/old.goldeneslamm.at\\\/it\\\/carriera-benefici-e-lavoro\\\/#breadcrumb\",\"itemListElement\":[{\"@type\":\"ListItem\",\"position\":1,\"name\":\"Startseite\",\"item\":\"https:\\\/\\\/old.goldeneslamm.at\\\/it\\\/\"},{\"@type\":\"ListItem\",\"position\":2,\"name\":\"Carriera, benefici e lavoro\"}]},{\"@type\":\"WebSite\",\"@id\":\"https:\\\/\\\/old.goldeneslamm.at\\\/it\\\/#website\",\"url\":\"https:\\\/\\\/old.goldeneslamm.at\\\/it\\\/\",\"name\":\"Goldenes Lamm\",\"description\":\"Boutique Hotel\",\"potentialAction\":[{\"@type\":\"SearchAction\",\"target\":{\"@type\":\"EntryPoint\",\"urlTemplate\":\"https:\\\/\\\/old.goldeneslamm.at\\\/it\\\/?s={search_term_string}\"},\"query-input\":{\"@type\":\"PropertyValueSpecification\",\"valueRequired\":true,\"valueName\":\"search_term_string\"}}],\"inLanguage\":\"it-IT\"}]}<\/script>\n<!-- \/ Yoast SEO plugin. -->","yoast_head_json":{"title":"Carriera un luogo di lavoro nel cuore di Villach","description":"Scoprite le opportunit\u00e0 di carriera nel cuore di Villach! Nel nostro team la tradizione incontra il progresso. Crescete con noi - candidatevi ora!","robots":{"index":"noindex","follow":"follow","max-snippet":"max-snippet:-1","max-image-preview":"max-image-preview:large","max-video-preview":"max-video-preview:-1"},"og_locale":"it_IT","og_type":"article","og_title":"Carriera un luogo di lavoro nel cuore di Villach","og_description":"Scoprite le opportunit\u00e0 di carriera nel cuore di Villach! Nel nostro team la tradizione incontra il progresso. Crescete con noi - candidatevi ora!","og_url":"https:\/\/old.goldeneslamm.at\/it\/carriera-benefici-e-lavoro\/","og_site_name":"Goldenes Lamm","article_modified_time":"2025-02-13T12:06:32+00:00","og_image":[{"width":640,"height":427,"url":"https:\/\/old.goldeneslamm.at\/wp-content\/uploads\/2023\/07\/IM_G1672.jpg","type":"image\/jpeg"}],"twitter_card":"summary_large_image","twitter_misc":{"Tempo di lettura stimato":"2 minuti"},"schema":{"@context":"https:\/\/schema.org","@graph":[{"@type":"WebPage","@id":"https:\/\/old.goldeneslamm.at\/it\/carriera-benefici-e-lavoro\/","url":"https:\/\/old.goldeneslamm.at\/it\/carriera-benefici-e-lavoro\/","name":"Carriera un luogo di lavoro nel cuore di Villach","isPartOf":{"@id":"https:\/\/old.goldeneslamm.at\/it\/#website"},"primaryImageOfPage":{"@id":"https:\/\/old.goldeneslamm.at\/it\/carriera-benefici-e-lavoro\/#primaryimage"},"image":{"@id":"https:\/\/old.goldeneslamm.at\/it\/carriera-benefici-e-lavoro\/#primaryimage"},"thumbnailUrl":"https:\/\/old.goldeneslamm.at\/wp-content\/uploads\/2023\/07\/IM_G1672.jpg","datePublished":"2023-03-31T11:44:29+00:00","dateModified":"2025-02-13T12:06:32+00:00","description":"Scoprite le opportunit\u00e0 di carriera nel cuore di Villach! Nel nostro team la tradizione incontra il progresso. Crescete con noi - candidatevi ora!","breadcrumb":{"@id":"https:\/\/old.goldeneslamm.at\/it\/carriera-benefici-e-lavoro\/#breadcrumb"},"inLanguage":"it-IT","potentialAction":[{"@type":"ReadAction","target":["https:\/\/old.goldeneslamm.at\/it\/carriera-benefici-e-lavoro\/"]}]},{"@type":"ImageObject","inLanguage":"it-IT","@id":"https:\/\/old.goldeneslamm.at\/it\/carriera-benefici-e-lavoro\/#primaryimage","url":"https:\/\/old.goldeneslamm.at\/wp-content\/uploads\/2023\/07\/IM_G1672.jpg","contentUrl":"https:\/\/old.goldeneslamm.at\/wp-content\/uploads\/2023\/07\/IM_G1672.jpg","width":640,"height":427,"caption":"Karriere im Hotel Goldenes Lamm in Villach"},{"@type":"BreadcrumbList","@id":"https:\/\/old.goldeneslamm.at\/it\/carriera-benefici-e-lavoro\/#breadcrumb","itemListElement":[{"@type":"ListItem","position":1,"name":"Startseite","item":"https:\/\/old.goldeneslamm.at\/it\/"},{"@type":"ListItem","position":2,"name":"Carriera, benefici e lavoro"}]},{"@type":"WebSite","@id":"https:\/\/old.goldeneslamm.at\/it\/#website","url":"https:\/\/old.goldeneslamm.at\/it\/","name":"Goldenes Lamm","description":"Boutique Hotel","potentialAction":[{"@type":"SearchAction","target":{"@type":"EntryPoint","urlTemplate":"https:\/\/old.goldeneslamm.at\/it\/?s={search_term_string}"},"query-input":{"@type":"PropertyValueSpecification","valueRequired":true,"valueName":"search_term_string"}}],"inLanguage":"it-IT"}]}},"_links":{"self":[{"href":"https:\/\/old.goldeneslamm.at\/it\/wp-json\/wp\/v2\/pages\/3973","targetHints":{"allow":["GET"]}}],"collection":[{"href":"https:\/\/old.goldeneslamm.at\/it\/wp-json\/wp\/v2\/pages"}],"about":[{"href":"https:\/\/old.goldeneslamm.at\/it\/wp-json\/wp\/v2\/types\/page"}],"author":[{"embeddable":true,"href":"https:\/\/old.goldeneslamm.at\/it\/wp-json\/wp\/v2\/users\/1"}],"replies":[{"embeddable":true,"href":"https:\/\/old.goldeneslamm.at\/it\/wp-json\/wp\/v2\/comments?post=3973"}],"version-history":[{"count":15,"href":"https:\/\/old.goldeneslamm.at\/it\/wp-json\/wp\/v2\/pages\/3973\/revisions"}],"predecessor-version":[{"id":5671,"href":"https:\/\/old.goldeneslamm.at\/it\/wp-json\/wp\/v2\/pages\/3973\/revisions\/5671"}],"wp:featuredmedia":[{"embeddable":true,"href":"https:\/\/old.goldeneslamm.at\/it\/wp-json\/wp\/v2\/media\/3673"}],"wp:attachment":[{"href":"https:\/\/old.goldeneslamm.at\/it\/wp-json\/wp\/v2\/media?parent=3973"}],"curies":[{"name":"wp","href":"https:\/\/api.w.org\/{rel}","templated":true}]}}