{"id":4272,"date":"2023-03-31T13:38:38","date_gmt":"2023-03-31T11:38:38","guid":{"rendered":"https:\/\/www.goldeneslamm.at\/sostenibilita\/"},"modified":"2025-09-23T08:20:25","modified_gmt":"2025-09-23T06:20:25","slug":"sostenibilita","status":"publish","type":"page","link":"https:\/\/old.goldeneslamm.at\/it\/sostenibilita\/","title":{"rendered":"Sostenibilit\u00e0"},"content":{"rendered":"\n<style type=\"text\/css\" data-created_by=\"avia_inline_auto\" id=\"style-css-av-mfw54hxp-e8a5da0a366fe290470374e3b67b550d\">\n#top .hr.hr-invisible.av-mfw54hxp-e8a5da0a366fe290470374e3b67b550d{\nheight:50px;\n}\n<\/style>\n<div  class='hr av-mfw54hxp-e8a5da0a366fe290470374e3b67b550d hr-invisible  avia-builder-el-0  el_before_av_heading  avia-builder-el-first '><span class='hr-inner '><span class=\"hr-inner-style\"><\/span><\/span><\/div>\n\n<style type=\"text\/css\" data-created_by=\"avia_inline_auto\" id=\"style-css-av-mfw50pn6-bd128633d79eb751607d42ac9c184b88\">\n#top .av-special-heading.av-mfw50pn6-bd128633d79eb751607d42ac9c184b88{\npadding-bottom:10px;\n}\nbody .av-special-heading.av-mfw50pn6-bd128633d79eb751607d42ac9c184b88 .av-special-heading-tag .heading-char{\nfont-size:25px;\n}\n.av-special-heading.av-mfw50pn6-bd128633d79eb751607d42ac9c184b88 .av-subheading{\nfont-size:15px;\n}\n<\/style>\n<div  class='av-special-heading av-mfw50pn6-bd128633d79eb751607d42ac9c184b88 av-special-heading-h1 blockquote modern-quote  avia-builder-el-1  el_after_av_hr  el_before_av_hr '><h1 class='av-special-heading-tag '  itemprop=\"headline\"  >La sostenibilit\u00e0 \u00e8 una priorit\u00e0 assoluta<\/h1><div class=\"special-heading-border\"><div class=\"special-heading-inner-border\"><\/div><\/div><\/div>\n\n<style type=\"text\/css\" data-created_by=\"avia_inline_auto\" id=\"style-css-av-mfw54rdq-26a3b39462609bf730f03758b60f9b77\">\n#top .hr.hr-invisible.av-mfw54rdq-26a3b39462609bf730f03758b60f9b77{\nheight:30px;\n}\n<\/style>\n<div  class='hr av-mfw54rdq-26a3b39462609bf730f03758b60f9b77 hr-invisible  avia-builder-el-2  el_after_av_heading  el_before_av_textblock '><span class='hr-inner '><span class=\"hr-inner-style\"><\/span><\/span><\/div>\n<section  class='av_textblock_section av-mebfhuxq-36a5c5939f60eacd2900c76ca7e14279 '   itemscope=\"itemscope\" itemtype=\"https:\/\/schema.org\/CreativeWork\" ><div class='avia_textblock'  itemprop=\"text\" ><h2>Insieme per la sostenibilit\u00e0 e un futuro pulito<\/h2>\n<p>La sostenibilit\u00e0 \u00e8 una priorit\u00e0 assoluta nel nostro <a href=\"https:\/\/old.goldeneslamm.at\/it\/\">hotel a Villach<\/a>, non solo all&#8217;interno dell&#8217;hotel, ma anche al tuo arrivo. Ci concentriamo su soluzioni ecologiche e ti invitiamo a sostenerci in questo sforzo.<\/p>\n<h3>Usa l&#8217;energia in modo consapevole<\/h3>\n<ul>\n<li><strong>Spegni le luci<\/strong> &#8211; Spegni tutte le luci quando esci dalla stanza.<\/li>\n<li><strong>Aria fresca intelligente<\/strong> &#8211; ventilazione d&#8217;urto invece di una posizione di inclinazione permanente: apri la finestra per 3-5 minuti e poi richiudila. In questo modo si risparmia energia per il riscaldamento in inverno e si evita il caldo in estate.<\/li>\n<li><strong>Risparmia acqua<\/strong>: chiudi il rubinetto quando non ne hai bisogno e segnala le perdite dei rubinetti. Ogni litro risparmiato protegge la natura e l&#8217;energia.<\/li>\n<\/ul>\n<h3>Rifiuti e raccolta differenziata<\/h3>\n<ul>\n<li>La <strong>raccolta differenziata \u00e8 facile<\/strong>: le stazioni di riciclaggio si trovano al 1\u00b0 piano e nel garage per le biciclette nel cortile interno. Smaltisci correttamente carta, vetro, lattine, rifiuti organici e rifiuti pericolosi (ad esempio le batterie).<\/li>\n<li><strong>Evitare prima di riciclare<\/strong> &#8211; Riduciamo al minimo gli imballaggi, soprattutto per la colazione. Il cibo avanzato viene passato ad ARGE SOZIAL.<\/li>\n<\/ul>\n<h3>  Comfort sostenibile<\/h3>\n<ul>\n<li><strong>Minibar e snack<\/strong> &#8211; Non ci sono minibar in camera che consumano energia. Il bar del nostro hotel \u00e8 invece a tua disposizione 24 ore su 24. Su richiesta, possiamo fornire gratuitamente un minibar in camera.<\/li>\n<li><strong>Prodotti per la cura del corpo<\/strong>: dispenser ricaricabili invece di confezioni monouso. Se non vuoi rinunciare ai servizi dell&#8217;hotel, puoi richiedere alla reception la nostra amenity box per il tuo soggiorno.<\/li>\n<li><strong>Lenzuola e asciugamani<\/strong>: cambiali se necessario: Appendi la biancheria o mettila sul pavimento del bagno.<\/li>\n<li><strong>Informazioni digitali<\/strong>: tutte le informazioni online, fatture via e-mail.<\/li>\n<\/ul>\n<h3>Energia ecologica<\/h3>\n<p>Riscaldiamo con il teleriscaldamento ecologico e stiamo lavorando per realizzare il nostro impianto fotovoltaico per generare ancora pi\u00f9 energia pulita.<\/p>\n<p><strong>Grazie per aiutarci a proteggere la nostra natura e a godervi il vostro soggiorno!<\/strong><\/p>\n<\/div><\/section>\n","protected":false},"excerpt":{"rendered":"","protected":false},"author":1,"featured_media":6554,"parent":0,"menu_order":0,"comment_status":"closed","ping_status":"closed","template":"","meta":{"footnotes":""},"class_list":["post-4272","page","type-page","status-publish","has-post-thumbnail","hentry"],"yoast_head":"<!-- This site is optimized with the Yoast SEO plugin v27.4 - https:\/\/yoast.com\/product\/yoast-seo-wordpress\/ -->\n<title>Sostenibilit\u00e0 in hotel: dalla raccolta differenziata al fotovoltaico<\/title>\n<meta name=\"description\" content=\"Scopri i viaggi ecologici: il nostro hotel \u00e8 impegnato nella sostenibilit\u00e0! Prenota subito la tua vacanza ecologica!\" \/>\n<meta name=\"robots\" content=\"noindex, follow, max-snippet:-1, max-image-preview:large, max-video-preview:-1\" \/>\n<meta property=\"og:locale\" content=\"it_IT\" \/>\n<meta property=\"og:type\" content=\"article\" \/>\n<meta property=\"og:title\" content=\"Sostenibilit\u00e0 in hotel: dalla raccolta differenziata al fotovoltaico\" \/>\n<meta property=\"og:description\" content=\"Scopri i viaggi ecologici: il nostro hotel \u00e8 impegnato nella sostenibilit\u00e0! Prenota subito la tua vacanza ecologica!\" \/>\n<meta property=\"og:url\" content=\"https:\/\/old.goldeneslamm.at\/it\/sostenibilita\/\" \/>\n<meta property=\"og:site_name\" content=\"Goldenes Lamm\" \/>\n<meta property=\"article:modified_time\" content=\"2025-09-23T06:20:25+00:00\" \/>\n<meta property=\"og:image\" content=\"https:\/\/old.goldeneslamm.at\/wp-content\/uploads\/2025\/12\/Umweltzeichen-Boutique-Hotel-Goldenes-Lamm-Nicole-und-Jakob-Ottacher-Foto-stinglight-photography-IS-Hauptmann.jpg\" \/>\n\t<meta property=\"og:image:width\" content=\"1333\" \/>\n\t<meta property=\"og:image:height\" content=\"2000\" \/>\n\t<meta property=\"og:image:type\" content=\"image\/jpeg\" \/>\n<meta name=\"twitter:card\" content=\"summary_large_image\" \/>\n<meta name=\"twitter:label1\" content=\"Tempo di lettura stimato\" \/>\n\t<meta name=\"twitter:data1\" content=\"2 minuti\" \/>\n<script type=\"application\/ld+json\" class=\"yoast-schema-graph\">{\"@context\":\"https:\\\/\\\/schema.org\",\"@graph\":[{\"@type\":\"WebPage\",\"@id\":\"https:\\\/\\\/old.goldeneslamm.at\\\/it\\\/sostenibilita\\\/\",\"url\":\"https:\\\/\\\/old.goldeneslamm.at\\\/it\\\/sostenibilita\\\/\",\"name\":\"Sostenibilit\u00e0 in hotel: dalla raccolta differenziata al fotovoltaico\",\"isPartOf\":{\"@id\":\"https:\\\/\\\/old.goldeneslamm.at\\\/it\\\/#website\"},\"primaryImageOfPage\":{\"@id\":\"https:\\\/\\\/old.goldeneslamm.at\\\/it\\\/sostenibilita\\\/#primaryimage\"},\"image\":{\"@id\":\"https:\\\/\\\/old.goldeneslamm.at\\\/it\\\/sostenibilita\\\/#primaryimage\"},\"thumbnailUrl\":\"https:\\\/\\\/old.goldeneslamm.at\\\/wp-content\\\/uploads\\\/2025\\\/12\\\/Umweltzeichen-Boutique-Hotel-Goldenes-Lamm-Nicole-und-Jakob-Ottacher-Foto-stinglight-photography-IS-Hauptmann.jpg\",\"datePublished\":\"2023-03-31T11:38:38+00:00\",\"dateModified\":\"2025-09-23T06:20:25+00:00\",\"description\":\"Scopri i viaggi ecologici: il nostro hotel \u00e8 impegnato nella sostenibilit\u00e0! Prenota subito la tua vacanza ecologica!\",\"breadcrumb\":{\"@id\":\"https:\\\/\\\/old.goldeneslamm.at\\\/it\\\/sostenibilita\\\/#breadcrumb\"},\"inLanguage\":\"it-IT\",\"potentialAction\":[{\"@type\":\"ReadAction\",\"target\":[\"https:\\\/\\\/old.goldeneslamm.at\\\/it\\\/sostenibilita\\\/\"]}]},{\"@type\":\"ImageObject\",\"inLanguage\":\"it-IT\",\"@id\":\"https:\\\/\\\/old.goldeneslamm.at\\\/it\\\/sostenibilita\\\/#primaryimage\",\"url\":\"https:\\\/\\\/old.goldeneslamm.at\\\/wp-content\\\/uploads\\\/2025\\\/12\\\/Umweltzeichen-Boutique-Hotel-Goldenes-Lamm-Nicole-und-Jakob-Ottacher-Foto-stinglight-photography-IS-Hauptmann.jpg\",\"contentUrl\":\"https:\\\/\\\/old.goldeneslamm.at\\\/wp-content\\\/uploads\\\/2025\\\/12\\\/Umweltzeichen-Boutique-Hotel-Goldenes-Lamm-Nicole-und-Jakob-Ottacher-Foto-stinglight-photography-IS-Hauptmann.jpg\",\"width\":1333,\"height\":2000,\"caption\":\"Umweltzeichen Boutique Hotel Goldenes Lamm\"},{\"@type\":\"BreadcrumbList\",\"@id\":\"https:\\\/\\\/old.goldeneslamm.at\\\/it\\\/sostenibilita\\\/#breadcrumb\",\"itemListElement\":[{\"@type\":\"ListItem\",\"position\":1,\"name\":\"Startseite\",\"item\":\"https:\\\/\\\/old.goldeneslamm.at\\\/it\\\/\"},{\"@type\":\"ListItem\",\"position\":2,\"name\":\"Sostenibilit\u00e0\"}]},{\"@type\":\"WebSite\",\"@id\":\"https:\\\/\\\/old.goldeneslamm.at\\\/it\\\/#website\",\"url\":\"https:\\\/\\\/old.goldeneslamm.at\\\/it\\\/\",\"name\":\"Goldenes Lamm\",\"description\":\"Boutique Hotel\",\"potentialAction\":[{\"@type\":\"SearchAction\",\"target\":{\"@type\":\"EntryPoint\",\"urlTemplate\":\"https:\\\/\\\/old.goldeneslamm.at\\\/it\\\/?s={search_term_string}\"},\"query-input\":{\"@type\":\"PropertyValueSpecification\",\"valueRequired\":true,\"valueName\":\"search_term_string\"}}],\"inLanguage\":\"it-IT\"}]}<\/script>\n<!-- \/ Yoast SEO plugin. -->","yoast_head_json":{"title":"Sostenibilit\u00e0 in hotel: dalla raccolta differenziata al fotovoltaico","description":"Scopri i viaggi ecologici: il nostro hotel \u00e8 impegnato nella sostenibilit\u00e0! Prenota subito la tua vacanza ecologica!","robots":{"index":"noindex","follow":"follow","max-snippet":"max-snippet:-1","max-image-preview":"max-image-preview:large","max-video-preview":"max-video-preview:-1"},"og_locale":"it_IT","og_type":"article","og_title":"Sostenibilit\u00e0 in hotel: dalla raccolta differenziata al fotovoltaico","og_description":"Scopri i viaggi ecologici: il nostro hotel \u00e8 impegnato nella sostenibilit\u00e0! Prenota subito la tua vacanza ecologica!","og_url":"https:\/\/old.goldeneslamm.at\/it\/sostenibilita\/","og_site_name":"Goldenes Lamm","article_modified_time":"2025-09-23T06:20:25+00:00","og_image":[{"width":1333,"height":2000,"url":"https:\/\/old.goldeneslamm.at\/wp-content\/uploads\/2025\/12\/Umweltzeichen-Boutique-Hotel-Goldenes-Lamm-Nicole-und-Jakob-Ottacher-Foto-stinglight-photography-IS-Hauptmann.jpg","type":"image\/jpeg"}],"twitter_card":"summary_large_image","twitter_misc":{"Tempo di lettura stimato":"2 minuti"},"schema":{"@context":"https:\/\/schema.org","@graph":[{"@type":"WebPage","@id":"https:\/\/old.goldeneslamm.at\/it\/sostenibilita\/","url":"https:\/\/old.goldeneslamm.at\/it\/sostenibilita\/","name":"Sostenibilit\u00e0 in hotel: dalla raccolta differenziata al fotovoltaico","isPartOf":{"@id":"https:\/\/old.goldeneslamm.at\/it\/#website"},"primaryImageOfPage":{"@id":"https:\/\/old.goldeneslamm.at\/it\/sostenibilita\/#primaryimage"},"image":{"@id":"https:\/\/old.goldeneslamm.at\/it\/sostenibilita\/#primaryimage"},"thumbnailUrl":"https:\/\/old.goldeneslamm.at\/wp-content\/uploads\/2025\/12\/Umweltzeichen-Boutique-Hotel-Goldenes-Lamm-Nicole-und-Jakob-Ottacher-Foto-stinglight-photography-IS-Hauptmann.jpg","datePublished":"2023-03-31T11:38:38+00:00","dateModified":"2025-09-23T06:20:25+00:00","description":"Scopri i viaggi ecologici: il nostro hotel \u00e8 impegnato nella sostenibilit\u00e0! Prenota subito la tua vacanza ecologica!","breadcrumb":{"@id":"https:\/\/old.goldeneslamm.at\/it\/sostenibilita\/#breadcrumb"},"inLanguage":"it-IT","potentialAction":[{"@type":"ReadAction","target":["https:\/\/old.goldeneslamm.at\/it\/sostenibilita\/"]}]},{"@type":"ImageObject","inLanguage":"it-IT","@id":"https:\/\/old.goldeneslamm.at\/it\/sostenibilita\/#primaryimage","url":"https:\/\/old.goldeneslamm.at\/wp-content\/uploads\/2025\/12\/Umweltzeichen-Boutique-Hotel-Goldenes-Lamm-Nicole-und-Jakob-Ottacher-Foto-stinglight-photography-IS-Hauptmann.jpg","contentUrl":"https:\/\/old.goldeneslamm.at\/wp-content\/uploads\/2025\/12\/Umweltzeichen-Boutique-Hotel-Goldenes-Lamm-Nicole-und-Jakob-Ottacher-Foto-stinglight-photography-IS-Hauptmann.jpg","width":1333,"height":2000,"caption":"Umweltzeichen Boutique Hotel Goldenes Lamm"},{"@type":"BreadcrumbList","@id":"https:\/\/old.goldeneslamm.at\/it\/sostenibilita\/#breadcrumb","itemListElement":[{"@type":"ListItem","position":1,"name":"Startseite","item":"https:\/\/old.goldeneslamm.at\/it\/"},{"@type":"ListItem","position":2,"name":"Sostenibilit\u00e0"}]},{"@type":"WebSite","@id":"https:\/\/old.goldeneslamm.at\/it\/#website","url":"https:\/\/old.goldeneslamm.at\/it\/","name":"Goldenes Lamm","description":"Boutique Hotel","potentialAction":[{"@type":"SearchAction","target":{"@type":"EntryPoint","urlTemplate":"https:\/\/old.goldeneslamm.at\/it\/?s={search_term_string}"},"query-input":{"@type":"PropertyValueSpecification","valueRequired":true,"valueName":"search_term_string"}}],"inLanguage":"it-IT"}]}},"_links":{"self":[{"href":"https:\/\/old.goldeneslamm.at\/it\/wp-json\/wp\/v2\/pages\/4272","targetHints":{"allow":["GET"]}}],"collection":[{"href":"https:\/\/old.goldeneslamm.at\/it\/wp-json\/wp\/v2\/pages"}],"about":[{"href":"https:\/\/old.goldeneslamm.at\/it\/wp-json\/wp\/v2\/types\/page"}],"author":[{"embeddable":true,"href":"https:\/\/old.goldeneslamm.at\/it\/wp-json\/wp\/v2\/users\/1"}],"replies":[{"embeddable":true,"href":"https:\/\/old.goldeneslamm.at\/it\/wp-json\/wp\/v2\/comments?post=4272"}],"version-history":[{"count":3,"href":"https:\/\/old.goldeneslamm.at\/it\/wp-json\/wp\/v2\/pages\/4272\/revisions"}],"predecessor-version":[{"id":6286,"href":"https:\/\/old.goldeneslamm.at\/it\/wp-json\/wp\/v2\/pages\/4272\/revisions\/6286"}],"wp:featuredmedia":[{"embeddable":true,"href":"https:\/\/old.goldeneslamm.at\/it\/wp-json\/wp\/v2\/media\/6554"}],"wp:attachment":[{"href":"https:\/\/old.goldeneslamm.at\/it\/wp-json\/wp\/v2\/media?parent=4272"}],"curies":[{"name":"wp","href":"https:\/\/api.w.org\/{rel}","templated":true}]}}